{"id":74,"date":"2025-09-20T20:39:55","date_gmt":"2025-09-20T18:39:55","guid":{"rendered":"https:\/\/www.lindanadji.com\/?page_id=74"},"modified":"2025-09-29T20:11:59","modified_gmt":"2025-09-29T18:11:59","slug":"cv","status":"publish","type":"page","link":"https:\/\/www.lindanadji.com\/de\/cv","title":{"rendered":"Vita"},"content":{"rendered":"<h1 class=\"wp-block-heading\">Linda Nadji<\/h1>\n\n\n\n\n\n<p class=\"text-block\">geboren 1972 in Teheran, Iran<br>lebt und arbeitet in K\u00f6ln, Deutschland<\/p>\n\n\n\n\n\n<ul class=\"wp-block-list vita-list-p\">\n<li class=\"heading\"><strong>Studium:<\/strong><\/li>\n\n\n\n<li class=\"year\">2011 graduation . Meistersch\u00fclerin von Prof. Hubert Kiecol<\/li>\n\n\n\n<li>2006 &#8211; 2011Kunstakademie D\u00fcsseldorf .<br>classes of Helmut Federle . Hubert Kiecol . Rita McBride<\/li>\n\n\n\n<li>1998 &#8211; 2001acting school . Zentrum f\u00fcr Schauspiel &amp; Tanz . Cologne<\/li>\n\n\n\n<li>1994 &#8211; 1997Design studies . University Aachen<\/li>\n\n\n\n<li class=\"heading\"><strong>Ausstellungen<\/strong>:<\/li>\n\n\n\n<li>2025 ARILLI . Vorgebirgspark Skulptur . K\u00f6ln<\/li>\n\n\n\n<li>reframing . F\u00fcnfzehnwochen . D\u00fcsseldorf (E)<\/li>\n\n\n\n<li>Ins Gr\u00fcne I . Museum Peter August B\u00f6ckstiegel (E)<\/li>\n\n\n\n<li>INTERACTIONS x WETRANSFORM . Bundeskunsthalle . Bonn<\/li>\n\n\n\n<li>Teilweise m\u00f6bliert, exzellente Aussicht . Museum Haus Lange . Krefeld<\/li>\n\n\n\n<li>2024 3rd SPACE EU . Museum of Modern&amp; Contemporary Art . Rijeka<\/li>\n\n\n\n<li>INTERACTIONS 24 . Bundeskunsthalle . Bonn<\/li>\n\n\n\n<li>layers, lines &amp; repetitions . fragility of home . CO3 . K\u00f6ln (E)<\/li>\n\n\n\n<li>INTERFACES . Mikro Galerie . K\u00f6ln (E)<\/li>\n\n\n\n<li>Painting as is III . Kadel Willborn . D\u00fcsseldorf<\/li>\n\n\n\n<li>2023 Circle:43 . Kunsthalle D\u00fcsseldorf<\/li>\n\n\n\n<li>3rd SPACE EU . Kastell Frankopan . Kraljevic . Kroatien<\/li>\n\n\n\n<li>2022 whatever it feels like . Altes K\u00fcster Haus . Meerbusch (E)<\/li>\n\n\n\n<li>TRACES: . KV KUH. . D\u00fcsseldorf . (E)<\/li>\n\n\n\n<li>Unruhige Zeiten . Wiesbadener Fototage . Wiesbaden&nbsp;<\/li>\n\n\n\n<li>\u201cI Offer You a Journey Without Direction, Uncertainty and No Sweet<\/li>\n\n\n\n<li>Conclusion\u201d . KV Harburger Bahnhof . Hamburg<\/li>\n\n\n\n<li>PLANTS&amp;PORTAITS . Odelisques Raum . Berlin (E)<\/li>\n\n\n\n<li>2021&nbsp; KUNST Arbeitstitel . Kunsthaus L6 . Freiburg<\/li>\n\n\n\n<li>SimultanProjekte . Simultanhalle . K\u00f6ln<\/li>\n\n\n\n<li>Memory II . Zero Fold . K\u00f6ln (E)<\/li>\n\n\n\n<li>2020&nbsp; Berge begegnen sich\u2026 . Michael Horbach Stiftung . K\u00f6ln<\/li>\n\n\n\n<li>2019 AUF\/ZU . Performance zum Bauhaus . Museum Haus Lange . Krefeld<\/li>\n\n\n\n<li>STILLE POST . Kunstverein . Sundern<\/li>\n\n\n\n<li>Tr\u00e8s Chic . Kunstverein . Ludwigsburg<\/li>\n\n\n\n<li>DECOYS AND DEADHEADS . Werft 77 . D\u00fcsseldorf<\/li>\n\n\n\n<li>Koffer . Skulptur im \u00f6ffentlichen Raum . Kirchheimbolanden<\/li>\n\n\n\n<li>2018 WASSER . Bethlehem church . Meerbusch<br>ART^S KICHEN . Gallery BOX . G\u00f6teborg . Sweden<br>ALLES ANDERE . Cologne<\/li>\n\n\n\n<li>2017 pfirsich me . Cologne<br>ABOUT THE ARTIST . Osthaus Museum . Hagen<br>Chapter II . Die Wohnung . D\u00fcsseldorf<br>materials II . BRUCH&amp;DALLAS . Cologne<\/li>\n\n\n\n<li>2016Paper Tiger . Studio Bronx . Neuss<br>ZOO . Lepsien Art Foundation . D\u00fcsseldorf<br>materials . Performance Lab . Matj\u00f6 . Cologne<br>ANSBACH CONTEMPORARY . Biennale f\u00fcr Zeitgen\u00f6ssische Kunst . Ansbach<br>out of shape . TOTALE 19 . Maschienenhaus . Essen<br>Berge begegnen sich nicht . Stiftung Horbach . Cologne<\/li>\n\n\n\n<li>2015GENIUS LOCI III &#8211; HERE THEY COME! . Setareh Gallery . D\u00fcsseldorf<br>IM GR\u00dcNEN . Kunstraum Holzmann . Kirchheimbolanden<br>framed unframed . TYSON . Cologne<br>Lucky Nr. 13 . Kunstverein . Mettmann<\/li>\n\n\n\n<li>2014roundabout . Malkasten . D\u00fcsseldorf<br>WINWIN . G\u00fcterbahnhof Ehrenfeld . Cologne<br>EBERTPLATZ . Bruch &amp; Dallas . Cologne<br>Forum 2014 . Burg Vischering . L\u00fcdinghausen<\/li>\n\n\n\n<li>2013UndWasWenn . Kunstverein Emmerich<br>Raum &amp; Objekt . Kunstverein Gelsenkirchen<br>InSideOut . Bruch &amp; Dallas . Cologne Cased . Casestudy . Hannover<br>Stelldichein . Bruch &amp; Dallas . Cologne<br>Brot &amp; Spiele . Pallazo Trecci . Cremona<\/li>\n\n\n\n<li>2012new talents . Kunststation St. Peter . Cologne ( mit Publikation )<br>Hide Park . Bruch &amp; Dallas . Cologne<br>new talents . Landesvertretung NRW . Berlin<br>Blamier mich nicht mein s\u00fc\u00dfes Kind . Freies Museum . Berlin<\/li>\n\n\n\n<li>2011ab und zu . von Rundstedt . D\u00fcsseldorf ( mit Publikation )<br>Ja schade, war echt eine sch\u00f6ne Stadt . Galerie Van Bau . Vestfossen . Norwegen<br>Home . von Cirne . Cologne<\/li>\n\n\n\n<li>2010Where in this World Could I Go? . von Cirne . Cologne<br>Spaced . pilot projekt . D\u00fcsseldorf<\/li>\n\n\n\n<li>2009weiss auf weiss . Galerie Schreier und von Metternich . D\u00fcsseldorf<br>Akademie Ausstellung . BBK . D\u00fcsseldorf<br>Akademie Ausstellung . Galerie Gecko . Solingen<\/li>\n\n\n\n<li>2008Skulpturen . Ministerium f\u00fcr Forschung . D\u00fcsseldorf<br>rund wie eckig . von Rundstedt . D\u00fcsseldorf . Landesvertretung NRW . Brussel<\/li>\n\n\n\n<li>2007Kunst im kleinen Format . Overbeckgesellschaft . L\u00fcbeck<br>Tiere ll . Kuhstall . Moosalp<\/li>\n\n\n\n<li class=\"heading\"><strong>Stipendien<\/strong>:<\/li>\n\n\n\n<li>2023  research scholarship from the city of Cologne<\/li>\n\n\n\n<li>2022 Neustart Kultur, Stiftung Kunstfonds<\/li>\n\n\n\n<li>2021 Stipendium des Ministeriums f\u00fcr Kultur und Wissenschaft des Landes Nordrhein- Westfalen<\/li>\n\n\n\n<li>2020 Stipendium des Ministeriums f\u00fcr Kultur und Wissenschaft des Landes Nordrhein- Westfalen<\/li>\n\n\n\n<li>Mikrostipendium des Frauenkulturb\u00fcros NRW<\/li>\n\n\n\n<li>&nbsp;2019 Internationales Austausch Stipendium, Frauenkulturb\u00fcro NRW<\/li>\n\n\n\n<li>2016curator scholarship, Quartier am Hafen, Cologne<\/li>\n\n\n\n<li>2012new talents, Cologne<\/li>\n\n\n\n<li>2009art advancemenr award, von Rundstedt<\/li>\n\n\n\n<li>2007Europool Kunst-Award, Zodiac-Kern<\/li>\n\n\n\n<li class=\"heading\"><strong>Kuratorische Projekte<\/strong>:<\/li>\n\n\n\n<li>2016Q 18 . Quartier am Hafen, Cologne<\/li>\n\n\n\n<li>2014WINWIN . G\u00fcterbahnhof Ehrenfeld . Cologne<\/li>\n\n\n\n<li>2012member of the off artspace . BRUCH &amp; DALLAS . Cologne<\/li>\n\n\n\n<li>2011On my way . Kunstverein Cologne M\u00fclheim<\/li>\n\n\n\n<li>2010Zwischen den Welten . Bonn<\/li>\n<\/ul>","protected":false},"excerpt":{"rendered":"<p>Linda Nadji geboren 1972 in Teheran, Iranlebt und arbeitet in K\u00f6ln, Deutschland<\/p>","protected":false},"author":1,"featured_media":0,"parent":0,"menu_order":0,"comment_status":"closed","ping_status":"closed","template":"","meta":{"footnotes":""},"class_list":["post-74","page","type-page","status-publish","hentry"],"yoast_head":"<!-- This site is optimized with the Yoast SEO plugin v25.9 - https:\/\/yoast.com\/wordpress\/plugins\/seo\/ -->\n<title>CV - Linda Nadji<\/title>\n<meta name=\"robots\" content=\"index, follow, max-snippet:-1, max-image-preview:large, max-video-preview:-1\" \/>\n<link rel=\"canonical\" href=\"https:\/\/www.lindanadji.com\/de\/cv\/\" \/>\n<meta property=\"og:locale\" content=\"de_DE\" \/>\n<meta property=\"og:type\" content=\"article\" \/>\n<meta property=\"og:title\" content=\"CV - Linda Nadji\" \/>\n<meta property=\"og:description\" content=\"Linda Nadji geboren 1972 in Teheran, Iranlebt und arbeitet in K\u00f6ln, Deutschland\" \/>\n<meta property=\"og:url\" content=\"https:\/\/www.lindanadji.com\/de\/cv\/\" \/>\n<meta property=\"og:site_name\" content=\"Linda Nadji\" \/>\n<meta property=\"article:modified_time\" content=\"2025-09-29T18:11:59+00:00\" \/>\n<meta name=\"twitter:card\" content=\"summary_large_image\" \/>\n<meta name=\"twitter:label1\" content=\"Gesch\u00e4tzte Lesezeit\" \/>\n\t<meta name=\"twitter:data1\" content=\"7\u00a0Minuten\" \/>\n<script type=\"application\/ld+json\" class=\"yoast-schema-graph\">{\"@context\":\"https:\/\/schema.org\",\"@graph\":[{\"@type\":\"WebPage\",\"@id\":\"https:\/\/www.lindanadji.com\/cv\/\",\"url\":\"https:\/\/www.lindanadji.com\/cv\/\",\"name\":\"CV - Linda Nadji\",\"isPartOf\":{\"@id\":\"https:\/\/www.lindanadji.com\/de\/#website\"},\"datePublished\":\"2025-09-20T18:39:55+00:00\",\"dateModified\":\"2025-09-29T18:11:59+00:00\",\"breadcrumb\":{\"@id\":\"https:\/\/www.lindanadji.com\/cv\/#breadcrumb\"},\"inLanguage\":\"de\",\"potentialAction\":[{\"@type\":\"ReadAction\",\"target\":[\"https:\/\/www.lindanadji.com\/cv\/\"]}]},{\"@type\":\"BreadcrumbList\",\"@id\":\"https:\/\/www.lindanadji.com\/cv\/#breadcrumb\",\"itemListElement\":[{\"@type\":\"ListItem\",\"position\":1,\"name\":\"Startseite\",\"item\":\"https:\/\/www.lindanadji.com\/en\/\"},{\"@type\":\"ListItem\",\"position\":2,\"name\":\"CV\"}]},{\"@type\":\"WebSite\",\"@id\":\"https:\/\/www.lindanadji.com\/de\/#website\",\"url\":\"https:\/\/www.lindanadji.com\/de\/\",\"name\":\"Linda Nadji\",\"description\":\"\",\"potentialAction\":[{\"@type\":\"SearchAction\",\"target\":{\"@type\":\"EntryPoint\",\"urlTemplate\":\"https:\/\/www.lindanadji.com\/de\/?s={search_term_string}\"},\"query-input\":{\"@type\":\"PropertyValueSpecification\",\"valueRequired\":true,\"valueName\":\"search_term_string\"}}],\"inLanguage\":\"de\"}]}<\/script>\n<!-- \/ Yoast SEO plugin. -->","yoast_head_json":{"title":"CV - Linda Nadji","robots":{"index":"index","follow":"follow","max-snippet":"max-snippet:-1","max-image-preview":"max-image-preview:large","max-video-preview":"max-video-preview:-1"},"canonical":"https:\/\/www.lindanadji.com\/de\/cv\/","og_locale":"de_DE","og_type":"article","og_title":"CV - Linda Nadji","og_description":"Linda Nadji geboren 1972 in Teheran, Iranlebt und arbeitet in K\u00f6ln, Deutschland","og_url":"https:\/\/www.lindanadji.com\/de\/cv\/","og_site_name":"Linda Nadji","article_modified_time":"2025-09-29T18:11:59+00:00","twitter_card":"summary_large_image","twitter_misc":{"Gesch\u00e4tzte Lesezeit":"7\u00a0Minuten"},"schema":{"@context":"https:\/\/schema.org","@graph":[{"@type":"WebPage","@id":"https:\/\/www.lindanadji.com\/cv\/","url":"https:\/\/www.lindanadji.com\/cv\/","name":"CV - Linda Nadji","isPartOf":{"@id":"https:\/\/www.lindanadji.com\/de\/#website"},"datePublished":"2025-09-20T18:39:55+00:00","dateModified":"2025-09-29T18:11:59+00:00","breadcrumb":{"@id":"https:\/\/www.lindanadji.com\/cv\/#breadcrumb"},"inLanguage":"de","potentialAction":[{"@type":"ReadAction","target":["https:\/\/www.lindanadji.com\/cv\/"]}]},{"@type":"BreadcrumbList","@id":"https:\/\/www.lindanadji.com\/cv\/#breadcrumb","itemListElement":[{"@type":"ListItem","position":1,"name":"Startseite","item":"https:\/\/www.lindanadji.com\/en\/"},{"@type":"ListItem","position":2,"name":"CV"}]},{"@type":"WebSite","@id":"https:\/\/www.lindanadji.com\/de\/#website","url":"https:\/\/www.lindanadji.com\/de\/","name":"Linda Nadji","description":"","potentialAction":[{"@type":"SearchAction","target":{"@type":"EntryPoint","urlTemplate":"https:\/\/www.lindanadji.com\/de\/?s={search_term_string}"},"query-input":{"@type":"PropertyValueSpecification","valueRequired":true,"valueName":"search_term_string"}}],"inLanguage":"de"}]}},"_links":{"self":[{"href":"https:\/\/www.lindanadji.com\/de\/wp-json\/wp\/v2\/pages\/74","targetHints":{"allow":["GET"]}}],"collection":[{"href":"https:\/\/www.lindanadji.com\/de\/wp-json\/wp\/v2\/pages"}],"about":[{"href":"https:\/\/www.lindanadji.com\/de\/wp-json\/wp\/v2\/types\/page"}],"author":[{"embeddable":true,"href":"https:\/\/www.lindanadji.com\/de\/wp-json\/wp\/v2\/users\/1"}],"replies":[{"embeddable":true,"href":"https:\/\/www.lindanadji.com\/de\/wp-json\/wp\/v2\/comments?post=74"}],"version-history":[{"count":28,"href":"https:\/\/www.lindanadji.com\/de\/wp-json\/wp\/v2\/pages\/74\/revisions"}],"predecessor-version":[{"id":671,"href":"https:\/\/www.lindanadji.com\/de\/wp-json\/wp\/v2\/pages\/74\/revisions\/671"}],"wp:attachment":[{"href":"https:\/\/www.lindanadji.com\/de\/wp-json\/wp\/v2\/media?parent=74"}],"curies":[{"name":"wp","href":"https:\/\/api.w.org\/{rel}","templated":true}]}}